{"id":1185,"date":"2022-08-27T16:17:39","date_gmt":"2022-08-27T16:17:39","guid":{"rendered":"https:\/\/nookup.studio\/6-tourisme\/"},"modified":"2022-10-18T15:24:00","modified_gmt":"2022-10-18T15:24:00","slug":"6-tourisme","status":"publish","type":"page","link":"https:\/\/nookup.studio\/fr\/6-tourisme\/","title":{"rendered":"Tourisme"},"content":{"rendered":"\t\t<div data-elementor-type=\"wp-page\" data-elementor-id=\"1185\" class=\"elementor elementor-1185 elementor-142\" data-elementor-post-type=\"page\">\n\t\t\t\t<div class=\"elementor-element elementor-element-1771d61 e-flex e-con-boxed e-con e-parent\" data-id=\"1771d61\" data-element_type=\"container\" data-e-type=\"container\" data-settings=\"{&quot;background_background&quot;:&quot;classic&quot;}\">\n\t\t\t\t\t<div class=\"e-con-inner\">\n\t\t\t\t<div class=\"elementor-element elementor-element-be121fe elementor-widget__width-initial elementor-widget elementor-widget-text-editor\" data-id=\"be121fe\" data-element_type=\"widget\" data-e-type=\"widget\" data-widget_type=\"text-editor.default\">\n\t\t\t\t<div class=\"elementor-widget-container\">\n\t\t\t\t\t\t\t\t\t<p>Nos mod\u00e8les, sur les trois lignes, sont id\u00e9als pour un complexe de tourisme ou de <em>glamping.<\/em><\/p>\n<p>Venez discuter avec nous pour mieux conna\u00eetre les avantages.<\/p>\n\t\t\t\t\t\t\t\t<\/div>\n\t\t\t\t<\/div>\n\t\t\t\t<div class=\"elementor-element elementor-element-cac07d9 elementor-tablet-align-center elementor-widget elementor-widget-button\" data-id=\"cac07d9\" data-element_type=\"widget\" data-e-type=\"widget\" data-widget_type=\"button.default\">\n\t\t\t\t<div class=\"elementor-widget-container\">\n\t\t\t\t\t\t\t\t\t<div class=\"elementor-button-wrapper\">\n\t\t\t\t\t<a class=\"elementor-button elementor-button-link elementor-size-sm\" href=\"https:\/\/nookup.studio\/fr\/contacts\/\">\n\t\t\t\t\t\t<span class=\"elementor-button-content-wrapper\">\n\t\t\t\t\t\t\t\t\t<span class=\"elementor-button-text\">savoir plus<\/span>\n\t\t\t\t\t<\/span>\n\t\t\t\t\t<\/a>\n\t\t\t\t<\/div>\n\t\t\t\t\t\t\t\t<\/div>\n\t\t\t\t<\/div>\n\t\t\t\t\t<\/div>\n\t\t\t\t<\/div>\n\t\t<div class=\"elementor-element elementor-element-a5eaa06 e-flex e-con-boxed e-con e-parent\" data-id=\"a5eaa06\" data-element_type=\"container\" data-e-type=\"container\">\n\t\t\t\t\t<div class=\"e-con-inner\">\n\t\t\t\t<div class=\"elementor-element elementor-element-5652ccf elementor-widget elementor-widget-gallery\" data-id=\"5652ccf\" data-element_type=\"widget\" data-e-type=\"widget\" data-settings=\"{&quot;gap&quot;:{&quot;unit&quot;:&quot;px&quot;,&quot;size&quot;:3,&quot;sizes&quot;:[]},&quot;gap_tablet&quot;:{&quot;unit&quot;:&quot;px&quot;,&quot;size&quot;:3,&quot;sizes&quot;:[]},&quot;gap_mobile&quot;:{&quot;unit&quot;:&quot;px&quot;,&quot;size&quot;:3,&quot;sizes&quot;:[]},&quot;columns&quot;:2,&quot;lazyload&quot;:&quot;yes&quot;,&quot;gallery_layout&quot;:&quot;grid&quot;,&quot;columns_tablet&quot;:2,&quot;columns_mobile&quot;:1,&quot;link_to&quot;:&quot;file&quot;,&quot;aspect_ratio&quot;:&quot;3:2&quot;,&quot;overlay_background&quot;:&quot;yes&quot;,&quot;content_hover_animation&quot;:&quot;fade-in&quot;}\" data-widget_type=\"gallery.default\">\n\t\t\t\t<div class=\"elementor-widget-container\">\n\t\t\t\t\t\t\t<div class=\"elementor-gallery__container\">\n\t\t\t\t\t\t\t<a class=\"e-gallery-item elementor-gallery-item elementor-animated-content\" href=\"https:\/\/nookup.studio\/wp-content\/uploads\/2022\/09\/imagem-01-turismo-nookup.jpg\" data-elementor-open-lightbox=\"yes\" data-elementor-lightbox-slideshow=\"5652ccf\" data-e-action-hash=\"#elementor-action%3Aaction%3Dlightbox%26settings%3DeyJpZCI6Mzg3LCJ1cmwiOiJodHRwczpcL1wvbm9va3VwLnN0dWRpb1wvd3AtY29udGVudFwvdXBsb2Fkc1wvMjAyMlwvMDlcL2ltYWdlbS0wMS10dXJpc21vLW5vb2t1cC5qcGciLCJzbGlkZXNob3ciOiI1NjUyY2NmIn0%3D\">\n\t\t\t\t\t<div class=\"e-gallery-image elementor-gallery-item__image\" data-thumbnail=\"https:\/\/nookup.studio\/wp-content\/uploads\/2022\/09\/imagem-01-turismo-nookup.jpg\" data-width=\"800\" data-height=\"527\" aria-label=\"\" role=\"img\" ><\/div>\n\t\t\t\t\t\t\t\t\t\t\t<div class=\"elementor-gallery-item__overlay\"><\/div>\n\t\t\t\t\t\t\t\t\t\t\t\t\t\t<\/a>\n\t\t\t\t\t\t\t<a class=\"e-gallery-item elementor-gallery-item elementor-animated-content\" href=\"https:\/\/nookup.studio\/wp-content\/uploads\/2022\/09\/10-imagem-portfolio-nookup.png\" data-elementor-open-lightbox=\"yes\" data-elementor-lightbox-slideshow=\"5652ccf\" data-e-action-hash=\"#elementor-action%3Aaction%3Dlightbox%26settings%3DeyJpZCI6NDI3LCJ1cmwiOiJodHRwczpcL1wvbm9va3VwLnN0dWRpb1wvd3AtY29udGVudFwvdXBsb2Fkc1wvMjAyMlwvMDlcLzEwLWltYWdlbS1wb3J0Zm9saW8tbm9va3VwLnBuZyIsInNsaWRlc2hvdyI6IjU2NTJjY2YifQ%3D%3D\">\n\t\t\t\t\t<div class=\"e-gallery-image elementor-gallery-item__image\" data-thumbnail=\"https:\/\/nookup.studio\/wp-content\/uploads\/2022\/09\/10-imagem-portfolio-nookup.png\" data-width=\"428\" data-height=\"532\" aria-label=\"\" role=\"img\" ><\/div>\n\t\t\t\t\t\t\t\t\t\t\t<div class=\"elementor-gallery-item__overlay\"><\/div>\n\t\t\t\t\t\t\t\t\t\t\t\t\t\t<\/a>\n\t\t\t\t\t\t\t<a class=\"e-gallery-item elementor-gallery-item elementor-animated-content\" href=\"https:\/\/nookup.studio\/wp-content\/uploads\/2022\/09\/imagem-03-turismo-nookup.jpg\" data-elementor-open-lightbox=\"yes\" data-elementor-lightbox-slideshow=\"5652ccf\" data-e-action-hash=\"#elementor-action%3Aaction%3Dlightbox%26settings%3DeyJpZCI6Mzg2LCJ1cmwiOiJodHRwczpcL1wvbm9va3VwLnN0dWRpb1wvd3AtY29udGVudFwvdXBsb2Fkc1wvMjAyMlwvMDlcL2ltYWdlbS0wMy10dXJpc21vLW5vb2t1cC5qcGciLCJzbGlkZXNob3ciOiI1NjUyY2NmIn0%3D\">\n\t\t\t\t\t<div class=\"e-gallery-image elementor-gallery-item__image\" data-thumbnail=\"https:\/\/nookup.studio\/wp-content\/uploads\/2022\/09\/imagem-03-turismo-nookup.jpg\" data-width=\"800\" data-height=\"527\" aria-label=\"\" role=\"img\" ><\/div>\n\t\t\t\t\t\t\t\t\t\t\t<div class=\"elementor-gallery-item__overlay\"><\/div>\n\t\t\t\t\t\t\t\t\t\t\t\t\t\t<\/a>\n\t\t\t\t\t\t\t<a class=\"e-gallery-item elementor-gallery-item elementor-animated-content\" href=\"https:\/\/nookup.studio\/wp-content\/uploads\/2022\/09\/imagem-02-turismo-nookup.jpg\" data-elementor-open-lightbox=\"yes\" data-elementor-lightbox-slideshow=\"5652ccf\" data-e-action-hash=\"#elementor-action%3Aaction%3Dlightbox%26settings%3DeyJpZCI6Mzg1LCJ1cmwiOiJodHRwczpcL1wvbm9va3VwLnN0dWRpb1wvd3AtY29udGVudFwvdXBsb2Fkc1wvMjAyMlwvMDlcL2ltYWdlbS0wMi10dXJpc21vLW5vb2t1cC5qcGciLCJzbGlkZXNob3ciOiI1NjUyY2NmIn0%3D\">\n\t\t\t\t\t<div class=\"e-gallery-image elementor-gallery-item__image\" data-thumbnail=\"https:\/\/nookup.studio\/wp-content\/uploads\/2022\/09\/imagem-02-turismo-nookup.jpg\" data-width=\"800\" data-height=\"527\" aria-label=\"\" role=\"img\" ><\/div>\n\t\t\t\t\t\t\t\t\t\t\t<div class=\"elementor-gallery-item__overlay\"><\/div>\n\t\t\t\t\t\t\t\t\t\t\t\t\t\t<\/a>\n\t\t\t\t\t<\/div>\n\t\t\t\t\t<\/div>\n\t\t\t\t<\/div>\n\t\t\t\t\t<\/div>\n\t\t\t\t<\/div>\n\t\t\t\t<\/div>\n\t\t","protected":false},"excerpt":{"rendered":"<p>Nos mod\u00e8les, sur les trois lignes, sont id\u00e9als pour un complexe de tourisme ou de glamping. Venez discuter avec nous pour mieux conna\u00eetre les avantages. savoir plus<\/p>\n","protected":false},"author":4,"featured_media":1077,"parent":0,"menu_order":0,"comment_status":"closed","ping_status":"closed","template":"","meta":{"footnotes":""},"class_list":["post-1185","page","type-page","status-publish","has-post-thumbnail","hentry"],"_links":{"self":[{"href":"https:\/\/nookup.studio\/fr\/wp-json\/wp\/v2\/pages\/1185","targetHints":{"allow":["GET"]}}],"collection":[{"href":"https:\/\/nookup.studio\/fr\/wp-json\/wp\/v2\/pages"}],"about":[{"href":"https:\/\/nookup.studio\/fr\/wp-json\/wp\/v2\/types\/page"}],"author":[{"embeddable":true,"href":"https:\/\/nookup.studio\/fr\/wp-json\/wp\/v2\/users\/4"}],"replies":[{"embeddable":true,"href":"https:\/\/nookup.studio\/fr\/wp-json\/wp\/v2\/comments?post=1185"}],"version-history":[{"count":1,"href":"https:\/\/nookup.studio\/fr\/wp-json\/wp\/v2\/pages\/1185\/revisions"}],"predecessor-version":[{"id":1540,"href":"https:\/\/nookup.studio\/fr\/wp-json\/wp\/v2\/pages\/1185\/revisions\/1540"}],"wp:featuredmedia":[{"embeddable":true,"href":"https:\/\/nookup.studio\/fr\/wp-json\/wp\/v2\/media\/1077"}],"wp:attachment":[{"href":"https:\/\/nookup.studio\/fr\/wp-json\/wp\/v2\/media?parent=1185"}],"curies":[{"name":"wp","href":"https:\/\/api.w.org\/{rel}","templated":true}]}}