{"id":1207,"date":"2022-08-27T16:14:54","date_gmt":"2022-08-27T16:14:54","guid":{"rendered":"https:\/\/nookup.studio\/faq\/"},"modified":"2022-10-16T12:35:06","modified_gmt":"2022-10-16T12:35:06","slug":"faq","status":"publish","type":"page","link":"https:\/\/nookup.studio\/es\/faq\/","title":{"rendered":"FAQ"},"content":{"rendered":"\t\t<div data-elementor-type=\"wp-page\" data-elementor-id=\"1207\" class=\"elementor elementor-1207 elementor-132\" data-elementor-post-type=\"page\">\n\t\t\t\t<div class=\"elementor-element elementor-element-8da978c e-flex e-con-boxed e-con e-parent\" data-id=\"8da978c\" data-element_type=\"container\" data-e-type=\"container\" data-settings=\"{&quot;background_background&quot;:&quot;classic&quot;}\">\n\t\t\t\t\t<div class=\"e-con-inner\">\n\t\t<div class=\"elementor-element elementor-element-c288d84 e-flex e-con-boxed e-con e-parent\" data-id=\"c288d84\" data-element_type=\"container\" data-e-type=\"container\" data-settings=\"{&quot;background_background&quot;:&quot;classic&quot;}\">\n\t\t\t\t\t<div class=\"e-con-inner\">\n\t\t\t\t<div class=\"elementor-element elementor-element-0b4dfee elementor-widget elementor-widget-heading\" data-id=\"0b4dfee\" data-element_type=\"widget\" data-e-type=\"widget\" data-widget_type=\"heading.default\">\n\t\t\t\t<div class=\"elementor-widget-container\">\n\t\t\t\t\t<h6 class=\"elementor-heading-title elementor-size-default\">\u00bfLas casas son seguras?<\/h6>\t\t\t\t<\/div>\n\t\t\t\t<\/div>\n\t\t\t\t<div class=\"elementor-element elementor-element-6d4da26 elementor-widget elementor-widget-text-editor\" data-id=\"6d4da26\" data-element_type=\"widget\" data-e-type=\"widget\" data-widget_type=\"text-editor.default\">\n\t\t\t\t<div class=\"elementor-widget-container\">\n\t\t\t\t\t\t\t\t\t<p>El acero corten es muy resistente a la corrosi\u00f3n. Por ello, es utilizado en contenedores mar\u00edtimos y ferrocarriles.<\/p>\n<p>Las casas Nookup dan respuesta a todas las necesidades t\u00e9rmicas y de seguridad exigidas por las entidades municipales, con una durabilidad igual o superior a las casas de alba\u00f1iler\u00eda, de construcci\u00f3n tradicional. La estructura en acero tambi\u00e9n garantiza una protecci\u00f3n antis\u00edsmica superior.<\/p>\n\t\t\t\t\t\t\t\t<\/div>\n\t\t\t\t<\/div>\n\t\t\t\t\t<\/div>\n\t\t\t\t<\/div>\n\t\t<div class=\"elementor-element elementor-element-d9b1e11 e-flex e-con-boxed e-con e-parent\" data-id=\"d9b1e11\" data-element_type=\"container\" data-e-type=\"container\" data-settings=\"{&quot;background_background&quot;:&quot;classic&quot;}\">\n\t\t\t\t\t<div class=\"e-con-inner\">\n\t\t\t\t<div class=\"elementor-element elementor-element-fa9aa27 elementor-widget elementor-widget-heading\" data-id=\"fa9aa27\" data-element_type=\"widget\" data-e-type=\"widget\" data-widget_type=\"heading.default\">\n\t\t\t\t<div class=\"elementor-widget-container\">\n\t\t\t\t\t<h6 class=\"elementor-heading-title elementor-size-default\">\u00bfCu\u00e1nto tiempo tarda la construcci\u00f3n?<\/h6>\t\t\t\t<\/div>\n\t\t\t\t<\/div>\n\t\t\t\t<div class=\"elementor-element elementor-element-a9d8311 elementor-widget elementor-widget-text-editor\" data-id=\"a9d8311\" data-element_type=\"widget\" data-e-type=\"widget\" data-widget_type=\"text-editor.default\">\n\t\t\t\t<div class=\"elementor-widget-container\">\n\t\t\t\t\t\t\t\t\t<p>La mayor parte de la construcci\u00f3n de casas Nookup es realizada en f\u00e1brica. Despu\u00e9s de obtener la licencia, los m\u00f3dulos son transportados para el lugar y, dependiendo de los accesos y de la preparaci\u00f3n del terreno, una casa Nookup podr\u00eda estar lista en un plazo de 6 a 9 meses, dependiendo de la complejidad del modelo.<\/p>\n\t\t\t\t\t\t\t\t<\/div>\n\t\t\t\t<\/div>\n\t\t\t\t\t<\/div>\n\t\t\t\t<\/div>\n\t\t\t\t\t<\/div>\n\t\t\t\t<\/div>\n\t\t\t\t<\/div>\n\t\t","protected":false},"excerpt":{"rendered":"<p>\u00bfLas casas son seguras? El acero corten es muy resistente a la corrosi\u00f3n. Por ello, es utilizado en contenedores mar\u00edtimos y ferrocarriles. Las casas Nookup dan respuesta a todas las necesidades t\u00e9rmicas y de seguridad exigidas por las entidades municipales, con una durabilidad igual o superior a las casas de alba\u00f1iler\u00eda, de construcci\u00f3n tradicional. La [&hellip;]<\/p>\n","protected":false},"author":4,"featured_media":1285,"parent":0,"menu_order":0,"comment_status":"closed","ping_status":"closed","template":"","meta":{"footnotes":""},"class_list":["post-1207","page","type-page","status-publish","has-post-thumbnail","hentry"],"_links":{"self":[{"href":"https:\/\/nookup.studio\/es\/wp-json\/wp\/v2\/pages\/1207","targetHints":{"allow":["GET"]}}],"collection":[{"href":"https:\/\/nookup.studio\/es\/wp-json\/wp\/v2\/pages"}],"about":[{"href":"https:\/\/nookup.studio\/es\/wp-json\/wp\/v2\/types\/page"}],"author":[{"embeddable":true,"href":"https:\/\/nookup.studio\/es\/wp-json\/wp\/v2\/users\/4"}],"replies":[{"embeddable":true,"href":"https:\/\/nookup.studio\/es\/wp-json\/wp\/v2\/comments?post=1207"}],"version-history":[{"count":0,"href":"https:\/\/nookup.studio\/es\/wp-json\/wp\/v2\/pages\/1207\/revisions"}],"wp:featuredmedia":[{"embeddable":true,"href":"https:\/\/nookup.studio\/es\/wp-json\/wp\/v2\/media\/1285"}],"wp:attachment":[{"href":"https:\/\/nookup.studio\/es\/wp-json\/wp\/v2\/media?parent=1207"}],"curies":[{"name":"wp","href":"https:\/\/api.w.org\/{rel}","templated":true}]}}