{"id":1201,"date":"2022-08-27T16:13:31","date_gmt":"2022-08-27T16:13:31","guid":{"rendered":"https:\/\/nookup.studio\/a-nookup\/"},"modified":"2022-10-16T12:53:01","modified_gmt":"2022-10-16T12:53:01","slug":"a-nookup","status":"publish","type":"page","link":"https:\/\/nookup.studio\/es\/a-nookup\/","title":{"rendered":"A Nookup"},"content":{"rendered":"\t\t<div data-elementor-type=\"wp-page\" data-elementor-id=\"1201\" class=\"elementor elementor-1201 elementor-126\" data-elementor-post-type=\"page\">\n\t\t\t\t<div class=\"elementor-element elementor-element-71c4b71 e-flex e-con-boxed e-con e-parent\" data-id=\"71c4b71\" data-element_type=\"container\" data-e-type=\"container\">\n\t\t\t\t\t<div class=\"e-con-inner\">\n\t\t<div class=\"elementor-element elementor-element-daf10f1 e-con-full e-flex e-con e-parent\" data-id=\"daf10f1\" data-element_type=\"container\" data-e-type=\"container\">\n\t\t\t\t<div class=\"elementor-element elementor-element-92c5441 elementor-widget__width-initial elementor-widget elementor-widget-heading\" data-id=\"92c5441\" data-element_type=\"widget\" data-e-type=\"widget\" data-widget_type=\"heading.default\">\n\t\t\t\t<div class=\"elementor-widget-container\">\n\t\t\t\t\t<h1 class=\"elementor-heading-title elementor-size-default\">Qui\u00e9nes somos<\/h1>\t\t\t\t<\/div>\n\t\t\t\t<\/div>\n\t\t\t\t<div class=\"elementor-element elementor-element-db34685 elementor-widget__width-auto elementor-widget elementor-widget-text-editor\" data-id=\"db34685\" data-element_type=\"widget\" data-e-type=\"widget\" data-widget_type=\"text-editor.default\">\n\t\t\t\t<div class=\"elementor-widget-container\">\n\t\t\t\t\t\t\t\t\t<p>Nookup est\u00e1 formada por un equipo joven, con formaci\u00f3n y experiencia en distintas \u00e1reas de construcci\u00f3n, arquitectura, dise\u00f1o y marketing.<\/p>\n<p>Identificamos los mejores procesos de construcci\u00f3n, siempre atentos a las necesidades del sector que, unido a los mejores materiales, nos permiten poner a su disposici\u00f3n casas sostenibles en un plazo relativamente r\u00e1pido.<\/p>\n<p>De esta manera, no solo favorecemos la resoluci\u00f3n del problema de la escasez de los recursos humanos, de las materias primas y del acceso a viviendas a un valor asequible, sino que tambi\u00e9n reducimos la huella en el medio ambiente.<\/p>\n\t\t\t\t\t\t\t\t<\/div>\n\t\t\t\t<\/div>\n\t\t\t\t<\/div>\n\t\t\t\t\t<\/div>\n\t\t\t\t<\/div>\n\t\t\t\t<\/div>\n\t\t","protected":false},"excerpt":{"rendered":"<p>Qui\u00e9nes somos Nookup est\u00e1 formada por un equipo joven, con formaci\u00f3n y experiencia en distintas \u00e1reas de construcci\u00f3n, arquitectura, dise\u00f1o y marketing. Identificamos los mejores procesos de construcci\u00f3n, siempre atentos a las necesidades del sector que, unido a los mejores materiales, nos permiten poner a su disposici\u00f3n casas sostenibles en un plazo relativamente r\u00e1pido. De [&hellip;]<\/p>\n","protected":false},"author":4,"featured_media":1075,"parent":0,"menu_order":0,"comment_status":"closed","ping_status":"closed","template":"","meta":{"footnotes":""},"class_list":["post-1201","page","type-page","status-publish","has-post-thumbnail","hentry"],"_links":{"self":[{"href":"https:\/\/nookup.studio\/es\/wp-json\/wp\/v2\/pages\/1201","targetHints":{"allow":["GET"]}}],"collection":[{"href":"https:\/\/nookup.studio\/es\/wp-json\/wp\/v2\/pages"}],"about":[{"href":"https:\/\/nookup.studio\/es\/wp-json\/wp\/v2\/types\/page"}],"author":[{"embeddable":true,"href":"https:\/\/nookup.studio\/es\/wp-json\/wp\/v2\/users\/4"}],"replies":[{"embeddable":true,"href":"https:\/\/nookup.studio\/es\/wp-json\/wp\/v2\/comments?post=1201"}],"version-history":[{"count":0,"href":"https:\/\/nookup.studio\/es\/wp-json\/wp\/v2\/pages\/1201\/revisions"}],"wp:featuredmedia":[{"embeddable":true,"href":"https:\/\/nookup.studio\/es\/wp-json\/wp\/v2\/media\/1075"}],"wp:attachment":[{"href":"https:\/\/nookup.studio\/es\/wp-json\/wp\/v2\/media?parent=1201"}],"curies":[{"name":"wp","href":"https:\/\/api.w.org\/{rel}","templated":true}]}}